{"id":1016,"date":"2015-09-03T22:27:53","date_gmt":"2015-09-03T21:27:53","guid":{"rendered":"http:\/\/www.scanship.nl\/aquacultuur\/professionele-teelt-aquacultuur\/"},"modified":"2016-03-31T15:29:09","modified_gmt":"2016-03-31T14:29:09","slug":"professionele-teelt-aquacultuur","status":"publish","type":"page","link":"https:\/\/www.scanship.nl\/de\/meng-en-beluchtingapparatuur\/professionele-teelt-aquacultuur\/","title":{"rendered":"Aquakultur Fischz\u00fcchter"},"content":{"rendered":"<p><section class=\"container\"><div  class=\"row\" ><div class=\"col-md-6\"><img src='https:\/\/www.scanship.nl\/wp-content\/uploads\/2015\/09\/kasco-maritiem-lakefront02_445_295_s_c1_c_t.jpg' \/><\/div><div class=\"col-md-6\"><strong>Kasco Bel\u00fcftung wird dazu beitragen, Ihr Endergebnis zu verbessern. Erh\u00f6hte Gehalt an gel\u00f6stem Sauerstoff wird f\u00fcr h\u00f6here Dichten erm\u00f6glichen und Verdickung erh\u00f6hte Raten mit insgesamt weniger Stress auf die Fische f\u00fcttern, oder f\u00fcr beide, die mehr Produktion in k\u00fcrzerer Zeit bedeuten. Sie k\u00f6nnen Ihre Ausbeute und begrenzen Sie Ihre Zeit mit zus\u00e4tzlichen Bel\u00fcftungs Tragen in der Produktion Teiche erfolgreich improvesleep. Bel\u00fcften macht so schnell und schneller Ernte dreht m\u00f6glich, die Zeit auf der Farm zu begrenzen.<\/strong>\n<p>Die Bel\u00fcftung verbessert nachgewiesenerma\u00dfen die Wachstumsraten, erh\u00e4lt die Gesundheit der Fische und verbessert sogar die Futterverwertung. Sie k\u00f6nnen sich darauf verlassen, dass Ihr Teich vor einem Sauerstoffabfall durch einen zuverl\u00e4ssigen, kosteng\u00fcnstigen und elektrisch effizienten Bel\u00fcfter gesch\u00fctzt ist, dessen Wurzeln in der Aquakulturindustrie liegen.<\/p>\n<p>Die Bel\u00fcfter von Kasco sind leicht und tragbar und haben ein kompaktes Design, das sie perfekt f\u00fcr Notfallsituationen macht. Die Dimensionierung macht diese Systeme modular, damit Sie Ihre Ausr\u00fcstung\u00a0 an unterschiedliche Dichten wie bei der Fischreife, anpassen k\u00f6nnen. Durch die Propeller-Technologie sind die Bel\u00fcfter von Kasco \u00e4u\u00dferst effektiv in kleinen, flachen Teichen, ohne Tr\u00fcbung oder Erosionsprobleme zu verursachen.<\/p>\n<p><strong style=\"line-height: 1.5;\">Zu beachten sind:<\/strong><\/p>\n<ul class=\"bullet-list\">\n<li>Arten und Dichte<\/li>\n<li>Teich-\/Tankgr\u00f6\u00dfe<\/li>\n<li>Stromart und -ort<\/li>\n<li>Bel\u00fcftungsbedarf<\/li>\n<\/ul>\n<p><\/p><\/div><\/div><\/section><section class=\"container\"><div  class=\"row\" ><div class=\"col-md-12\">\n<h3>Kasco Produkte f\u00fcr die Fischz\u00fcchter<\/h3>\n<p><\/p><\/div><\/div><\/section><section class=\"container\"><div  class=\"row\" ><div class=\"col-md-3\">\n<h5>Teichbel\u00fcfter<\/h5>\n<p><\/p><img src='https:\/\/www.scanship.nl\/wp-content\/uploads\/2015\/09\/kasco-maritiem-af-all_198_124_s_c1_c_t.jpg' \/>\n<p style=\"text-align: center;\">Kasco bietet Teichbel\u00fcfter in verschiedenen Gr\u00f6\u00dfen, die f\u00fcr Teiche und Seen mit hohem Volumen optimal sind. Diese hochwertigen Ger\u00e4te liefern den wertvollen Sauerstoff und die Wasserbewegung, die ein gesunder Teich oder See braucht.<\/p>\n<p><\/p>[vc_btn title=&#8220;zur Produkt&#8220; style=&#8220;flat&#8220; shape=&#8220;square&#8220; color=&#8220;primary&#8220; align=&#8220;center&#8220; link=&#8220;url:http%3A%2F%2Fwww.scanship.nl%2Fportfolio%2Fbeluchters%2F||&#8220;]<\/div><div class=\"col-md-3\">\n<h5>Luftverteiler<\/h5>\n<p><\/p><img src='https:\/\/www.scanship.nl\/wp-content\/uploads\/2015\/09\/kasco-maritiem-diffuser_198_124_s_c1_c_t.jpg' \/>\n<p style=\"text-align: center;\">Die Bel\u00fcftung verbessert die Umweltbedingungen in Ihrem Teich dramatisch und tr\u00e4gt dazu bei, eine gute Wasserqualit\u00e4t vorhersehbar zu machen.<\/p>\n<p><\/p>[vc_btn title=&#8220;zur Produkt&#8220; style=&#8220;flat&#8220; shape=&#8220;square&#8220; color=&#8220;primary&#8220; align=&#8220;center&#8220; link=&#8220;url:http%3A%2F%2Fwww.scanship.nl%2Fportfolio%2Fdiffuser-unit%2F||&#8220;]<\/div><div class=\"col-md-3\">\n<h5>Wasserumw\u00e4lzpumpen<\/h5>\n<p><\/p><img src='https:\/\/www.scanship.nl\/wp-content\/uploads\/2015\/09\/kasco-maritiem-circulator_pond_198_124_s_c1_c_t.jpg' \/>\n<p style=\"text-align: center;\">Die Wasserumw\u00e4lzpumpen von Kasco sind ideal zur Erzeugung eines Richtwasserdurchflusses in Ihrem Teich oder See.<\/p>\n<p><\/p>[vc_btn title=&#8220;zur Produkt&#8220; style=&#8220;flat&#8220; shape=&#8220;square&#8220; color=&#8220;primary&#8220; align=&#8220;center&#8220; link=&#8220;url:http%3A%2F%2Fwww.scanship.nl%2Fportfolio%2Fwater-circulatiepompen%2F||&#8220;]<\/div><\/div><\/section><\/p>","protected":false},"excerpt":{"rendered":"","protected":false},"author":1,"featured_media":0,"parent":256,"menu_order":2,"comment_status":"closed","ping_status":"closed","template":"","meta":{"_mi_skip_tracking":false,"_monsterinsights_sitenote_active":false,"_monsterinsights_sitenote_note":"","_monsterinsights_sitenote_category":0},"_links":{"self":[{"href":"https:\/\/www.scanship.nl\/de\/wp-json\/wp\/v2\/pages\/1016"}],"collection":[{"href":"https:\/\/www.scanship.nl\/de\/wp-json\/wp\/v2\/pages"}],"about":[{"href":"https:\/\/www.scanship.nl\/de\/wp-json\/wp\/v2\/types\/page"}],"author":[{"embeddable":true,"href":"https:\/\/www.scanship.nl\/de\/wp-json\/wp\/v2\/users\/1"}],"replies":[{"embeddable":true,"href":"https:\/\/www.scanship.nl\/de\/wp-json\/wp\/v2\/comments?post=1016"}],"version-history":[{"count":17,"href":"https:\/\/www.scanship.nl\/de\/wp-json\/wp\/v2\/pages\/1016\/revisions"}],"predecessor-version":[{"id":1636,"href":"https:\/\/www.scanship.nl\/de\/wp-json\/wp\/v2\/pages\/1016\/revisions\/1636"}],"up":[{"embeddable":true,"href":"https:\/\/www.scanship.nl\/de\/wp-json\/wp\/v2\/pages\/256"}],"wp:attachment":[{"href":"https:\/\/www.scanship.nl\/de\/wp-json\/wp\/v2\/media?parent=1016"}],"curies":[{"name":"wp","href":"https:\/\/api.w.org\/{rel}","templated":true}]}}